{"id":152,"date":"2025-05-01T15:22:13","date_gmt":"2025-05-01T15:22:13","guid":{"rendered":"https:\/\/tierarzt-dr-fietze.de\/?page_id=152"},"modified":"2025-06-30T20:54:48","modified_gmt":"2025-06-30T20:54:48","slug":"impressum-datenschutzerklaerung","status":"publish","type":"page","link":"https:\/\/tierarzt-dr-fietze.de\/index.php\/impressum-datenschutzerklaerung\/","title":{"rendered":"Impressum &amp; Datenschutzerkl\u00e4rung"},"content":{"rendered":"\n<h2 class=\"wp-block-heading\"><strong data-start=\"333\" data-end=\"346\" style=\"white-space: normal; caret-color: rgb(0, 0, 0); color: rgb(0, 0, 0);\">Impressum<\/strong><\/h2>\n\n\n\n<p><strong>Angaben gem\u00e4\u00df \u00a7 5 TMG:<\/strong><\/p>\n\n\n\n<p>Dr. med. vet. Sebastian Fietze<br>Tierarztpraxis Dr. Fietze<br>Moorweg 2<br>21261 Welle<br>Deutschland<\/p>\n\n\n\n<p>Telefon: 04188 8999508<br>E-Mail:&nbsp;<a class=\"\">info@tierarzt-dr-fietze.de<\/a><\/p>\n\n\n\n<p><strong>Umsatzsteuer-ID:<\/strong><br>Angabe gem\u00e4\u00df \u00a7 27a Umsatzsteuergesetz: DE253534427<\/p>\n\n\n\n<p><strong>Berufsbezeichnung:<\/strong><br>Tierarzt (verliehen in Deutschland)<\/p>\n\n\n\n<p><strong>Zust\u00e4ndige Aufsichtsbeh\u00f6rde:<\/strong><br>Tier\u00e4rztekammer Niedersachsen<br>Fichtestra\u00dfe 13<br>30625 Hannover<br><a class=\"\" href=\"https:\/\/www.tknds.de\/\">https:\/\/www.tknds.de\/<\/a><\/p>\n\n\n\n<p><strong>Zust\u00e4ndige Kammer:<\/strong><br>Tier\u00e4rztekammer Niedersachsen<\/p>\n\n\n\n<p><strong>Berufsrechtliche Regelungen:<\/strong><\/p>\n\n\n\n<ul class=\"wp-block-list\">\n<li>Bundes-Tier\u00e4rzteordnung (BT\u00c4O)<\/li>\n\n\n\n<li>Heilberufsgesetz Niedersachsen<\/li>\n\n\n\n<li>Berufsordnung der Tier\u00e4rztekammer Niedersachsen<\/li>\n<\/ul>\n\n\n\n<p>Die Regelungen sind einsehbar unter:&nbsp;<a class=\"\" href=\"https:\/\/www.tknds.de\/\">https:\/\/www.tknds.de<\/a><\/p>\n\n\n\n<p><strong>Verantwortlich f\u00fcr den Inhalt nach \u00a7 18 Abs. 2 MStV:<\/strong><br>Dr. med. vet. Sebastian Fietze<br>Moorweg 2<br>21261 Welle<\/p>\n\n\n\n<hr class=\"wp-block-separator has-alpha-channel-opacity\"\/>\n\n\n\n<h2 class=\"wp-block-heading\"><strong>Datenschutzerkl\u00e4rung<\/strong><\/h2>\n\n\n\n<h3 class=\"wp-block-heading\">1. Allgemeine Hinweise<\/h3>\n\n\n\n<p>Diese Datenschutzerkl\u00e4rung kl\u00e4rt Sie \u00fcber die Art, den Umfang und Zweck der Verarbeitung personenbezogener Daten auf dieser Website auf. Die rechtlichen Grundlagen finden sich in der Datenschutz-Grundverordnung (DSGVO) sowie dem Bundesdatenschutzgesetz (BDSG).<\/p>\n\n\n\n<p><strong>Verantwortlicher:<\/strong><br>Dr. med. vet. Sebastian Fietze<br>Moorweg 2<br>21261 Welle<br>Telefon: 04188 8999508<br>E-Mail:&nbsp;<a class=\"\">info@tierarzt-dr-fietze.de<\/a><\/p>\n\n\n\n<hr class=\"wp-block-separator has-alpha-channel-opacity\"\/>\n\n\n\n<h3 class=\"wp-block-heading\">2. Hosting &amp; Content Management System<\/h3>\n\n\n\n<p>Diese Website wird mit WordPress betrieben und verwendet das&nbsp;<strong>BeTheme<\/strong>&nbsp;inkl. BeBuilder. Es handelt sich um eine selbstgehostete Website.<\/p>\n\n\n\n<hr class=\"wp-block-separator has-alpha-channel-opacity\"\/>\n\n\n\n<h3 class=\"wp-block-heading\">3. Zugriffsdaten und Server-Logfiles<\/h3>\n\n\n\n<p>Der Hosting-Anbieter erhebt Daten \u00fcber Zugriffe auf die Website und speichert diese als \u201eServer-Logfiles\u201c ab. Erfasst werden k\u00f6nnen:<\/p>\n\n\n\n<ul class=\"wp-block-list\">\n<li>Besuchte Seite<\/li>\n\n\n\n<li>Uhrzeit zum Zeitpunkt des Zugriffes<\/li>\n\n\n\n<li>Menge der gesendeten Daten in Byte<\/li>\n\n\n\n<li>Quelle\/Verweis, von welchem Sie auf die Seite gelangten<\/li>\n\n\n\n<li>Verwendeter Browser<\/li>\n\n\n\n<li>Verwendetes Betriebssystem<\/li>\n\n\n\n<li>Verwendete IP-Adresse (ggf. in anonymisierter Form)<\/li>\n<\/ul>\n\n\n\n<p>Die Daten dienen der Betriebssicherheit und Fehleranalyse. Eine Zusammenf\u00fchrung mit anderen Daten erfolgt nicht.<\/p>\n\n\n\n<hr class=\"wp-block-separator has-alpha-channel-opacity\"\/>\n\n\n\n<h3 class=\"wp-block-heading\">4. Cookies<\/h3>\n\n\n\n<p>Diese Website verwendet Cookies. Dabei handelt es sich um kleine Textdateien, die auf Ihrem Endger\u00e4t gespeichert werden. Die meisten verwendeten Cookies sind sogenannte \u201eSession-Cookies\u201c, die nach dem Ende Ihres Besuchs automatisch gel\u00f6scht werden. Sie k\u00f6nnen die Speicherung der Cookies durch eine entsprechende Einstellung in Ihrem Browser verhindern.<\/p>\n\n\n\n<hr class=\"wp-block-separator has-alpha-channel-opacity\"\/>\n\n\n\n<h3 class=\"wp-block-heading\">5. Einsatz von Google Site Kit<\/h3>\n\n\n\n<p>Diese Website nutzt das Plugin&nbsp;<strong>Google Site Kit<\/strong>, das folgende Google-Dienste integrieren kann:<\/p>\n\n\n\n<ul class=\"wp-block-list\">\n<li><strong>Google Analytics<\/strong><\/li>\n\n\n\n<li><strong>Google Search Console<\/strong><\/li>\n\n\n\n<li><strong>Google AdSense (falls aktiviert)<\/strong><\/li>\n<\/ul>\n\n\n\n<p>Wenn Google Analytics aktiviert ist:<\/p>\n\n\n\n<h4 class=\"wp-block-heading\">Google Analytics (mit IP-Anonymisierung)<\/h4>\n\n\n\n<p>Diese Website verwendet Google Analytics mit aktivierter IP-Anonymisierung. Ihre IP-Adresse wird von Google innerhalb der EU gek\u00fcrzt. Google verarbeitet die Daten im Auftrag des Website-Betreibers zur Auswertung der Nutzung.<\/p>\n\n\n\n<p><strong>Widerspruch:<\/strong>&nbsp;Sie k\u00f6nnen die Erfassung Ihrer Daten durch Google Analytics verhindern, indem Sie das folgende Browser-Add-on installieren:<br><a class=\"\">https:\/\/tools.google.com\/dlpage\/gaoptout<\/a><\/p>\n\n\n\n<p><strong>Weitere Informationen:<\/strong><br>Google Ireland Limited, Gordon House, Barrow Street, Dublin 4, Irland<br>Datenschutzerkl\u00e4rung:&nbsp;<a class=\"\">https:\/\/policies.google.com\/privacy<\/a><\/p>\n\n\n\n<hr class=\"wp-block-separator has-alpha-channel-opacity\"\/>\n\n\n\n<h3 class=\"wp-block-heading\">6. Kontaktaufnahme<\/h3>\n\n\n\n<p>Wenn Sie uns per E-Mail kontaktieren, wird Ihre Anfrage inklusive aller daraus hervorgehenden personenbezogenen Daten (Name, E-Mail, Nachricht) zum Zwecke der Bearbeitung gespeichert. Diese Daten geben wir nicht ohne Ihre Einwilligung weiter.<\/p>\n\n\n\n<hr class=\"wp-block-separator has-alpha-channel-opacity\"\/>\n\n\n\n<h3 class=\"wp-block-heading\">7. Ihre Rechte<\/h3>\n\n\n\n<p>Sie haben jederzeit das Recht auf:<\/p>\n\n\n\n<ul class=\"wp-block-list\">\n<li>Auskunft nach Art. 15 DSGVO<\/li>\n\n\n\n<li>Berichtigung nach Art. 16 DSGVO<\/li>\n\n\n\n<li>L\u00f6schung nach Art. 17 DSGVO<\/li>\n\n\n\n<li>Einschr\u00e4nkung der Verarbeitung nach Art. 18 DSGVO<\/li>\n\n\n\n<li>Daten\u00fcbertragbarkeit nach Art. 20 DSGVO<\/li>\n\n\n\n<li>Widerspruch gegen die Verarbeitung nach Art. 21 DSGVO<\/li>\n<\/ul>\n\n\n\n<p>Zudem haben Sie das Recht, sich bei einer Datenschutzaufsichtsbeh\u00f6rde zu beschweren. In Niedersachsen:<\/p>\n\n\n\n<p><strong>Die Landesbeauftragte f\u00fcr den Datenschutz Niedersachsen<\/strong><br>Prinzenstra\u00dfe 5<br>30159 Hannover<br><a class=\"\">https:\/\/lfd.niedersachsen.de<\/a><\/p>\n\n\n\n<hr class=\"wp-block-separator has-alpha-channel-opacity\"\/>\n\n\n\n<h3 class=\"wp-block-heading\">8. \u00c4nderungen dieser Datenschutzerkl\u00e4rung<\/h3>\n\n\n\n<p>Wir behalten uns vor, diese Datenschutzerkl\u00e4rung bei Bedarf anzupassen, etwa bei rechtlichen \u00c4nderungen oder Erweiterung der Website.<\/p>\n","protected":false},"excerpt":{"rendered":"<p>Impressum Angaben gem\u00e4\u00df \u00a7 5 TMG: Dr. med. vet. Sebastian FietzeTierarztpraxis Dr. FietzeMoorweg 221261 WelleDeutschland Telefon: 04188 8999508E-Mail:&nbsp;info@tierarzt-dr-fietze.de Umsatzsteuer-ID:Angabe gem\u00e4\u00df \u00a7 27a Umsatzsteuergesetz: DE253534427 Berufsbezeichnung:Tierarzt (verliehen<span class=\"excerpt-hellip\"> [\u2026]<\/span><\/p>\n","protected":false},"author":2,"featured_media":0,"parent":0,"menu_order":0,"comment_status":"closed","ping_status":"closed","template":"","meta":{"footnotes":""},"class_list":["post-152","page","type-page","status-publish","hentry"],"_links":{"self":[{"href":"https:\/\/tierarzt-dr-fietze.de\/index.php\/wp-json\/wp\/v2\/pages\/152","targetHints":{"allow":["GET"]}}],"collection":[{"href":"https:\/\/tierarzt-dr-fietze.de\/index.php\/wp-json\/wp\/v2\/pages"}],"about":[{"href":"https:\/\/tierarzt-dr-fietze.de\/index.php\/wp-json\/wp\/v2\/types\/page"}],"author":[{"embeddable":true,"href":"https:\/\/tierarzt-dr-fietze.de\/index.php\/wp-json\/wp\/v2\/users\/2"}],"replies":[{"embeddable":true,"href":"https:\/\/tierarzt-dr-fietze.de\/index.php\/wp-json\/wp\/v2\/comments?post=152"}],"version-history":[{"count":3,"href":"https:\/\/tierarzt-dr-fietze.de\/index.php\/wp-json\/wp\/v2\/pages\/152\/revisions"}],"predecessor-version":[{"id":230,"href":"https:\/\/tierarzt-dr-fietze.de\/index.php\/wp-json\/wp\/v2\/pages\/152\/revisions\/230"}],"wp:attachment":[{"href":"https:\/\/tierarzt-dr-fietze.de\/index.php\/wp-json\/wp\/v2\/media?parent=152"}],"curies":[{"name":"wp","href":"https:\/\/api.w.org\/{rel}","templated":true}]}}